{"id":237,"date":"2008-10-30T01:54:28","date_gmt":"2008-10-29T23:54:28","guid":{"rendered":"https:\/\/us.macbay.de\/blog\/?page_id=237"},"modified":"2024-03-10T15:13:22","modified_gmt":"2024-03-10T14:13:22","slug":"fotogalerien","status":"publish","type":"page","link":"https:\/\/us.gluecksbazillus.de\/?page_id=237","title":{"rendered":"Fotogalerien"},"content":{"rendered":"<p>Meine Fotoserien sind in einer Fotogalerie katalogisiert und unter der Adresse: <a href=\"https:\/\/photos.gluecksbazillus.de\">https:\/\/photos.gluecksbazillus.de<\/a> zu sehen. Eine Auswahl hier in der \u00dcbersicht:<\/p>\n<p><strong>Freunde der Stadt<\/strong><br \/>\nDie Agentur f\u00fcr zeitgen\u00f6ssische Stadtforschung<br \/>\nIn der Fotoserie <strong>Wahllokale<\/strong> wurden ungew\u00f6hnliche Orte fotografiert die tempor\u00e4r bei Wahlen in Berlin als Wahllokal genutzt werden.<br \/>\nFotogalerie: <a href=\"https:\/\/photos.gluecksbazillus.de\/index.php?\/category\/64\" target=\"_blank\" rel=\"noopener\">Wahllokale<\/a> \/ Google Map: <a href=\"https:\/\/maps.google.de\/maps\/ms?ie=UTF8&amp;hl=de&amp;msa=0&amp;msid=109565634885289118610.00045836b57ed51f4f40b&amp;z=11\">Wahllokale<\/a><br \/>\n<!--more--><br \/>\n<strong>Towel Day (Handtuch Tag)<\/strong><br \/>\nEin Handtuch ist so ungef\u00e4hr das N\u00fctzlichste, was der interstellare Anhalter besitzen kann.<br \/>\nMehrere Galerien dokumentieren das DON&#8217;T PANIC Towel das ich f\u00fcr eine Gestaltung eines Ausstellungsortes entworfen habe und seit dem auch zum Verkauf anbiete.<br \/>\nFotogalerie: <a href=\"https:\/\/photos.gluecksbazillus.de\/index.php?\/category\/50\">Innsbruck<\/a> \/ <a href=\"https:\/\/photos.gluecksbazillus.de\/index.php?\/category\/51\">Towel<\/a> \/ <a href=\"https:\/\/photos.gluecksbazillus.de\/index.php?\/category\/48\">Produktion<\/a> \/ <a href=\"https:\/\/photos.gluecksbazillus.de\/index.php?\/category\/49\">Towel Day<\/a><\/p>\n<p><strong>Markisen<\/strong><br \/>\nFarben der Stadt &#8211; Markisen als Farbindex einer Stadt<br \/>\nMit dem Stand vom Oktober 2008 beinhaltet der Katalog 704 Farbmuster die sich auf 13 St\u00e4dte aus Europa verteilen. Zur \u00dcbersicht ist eine Karte (<a href=\"https:\/\/us.macbay.de\/blog\/?p=203\">Google Maps<\/a>) angelegt.<\/p>\n<p><strong>Architektur<\/strong><br \/>\n<a href=\"https:\/\/us.macbay.de\/mb\/galerie\/index\/page\/1\/f\/Bauhaus\">Bauhaus Dessau<\/a> \/ <a href=\"https:\/\/us.macbay.de\/mb\/galerie\/index\/page\/1\/f\/Berlin\/Staatsrat\">Ehem. Staatsratsgeb\u00e4ude der DDR<\/a> \/ <a href=\"https:\/\/us.macbay.de\/mb\/galerie\/index\/page\/1\/f\/Berlin\/Czech\">Botschaft von Tschechien<\/a> \/ <a href=\"https:\/\/us.macbay.de\/mb\/galerie\/index\/page\/1\/f\/Berlin\/NL\">Botschaft der Niederlande<\/a> \/ <a href=\"https:\/\/us.macbay.de\/mb\/galerie\/index\/page\/1\/f\/Berlin\/Polen\">Ehem. Botschaft von Polen<\/a> \/ <a href=\"https:\/\/us.macbay.de\/mb\/galerie\/index\/page\/1\/f\/Berlin\/Tempelhof\">Flughafen Tempelhof<\/a> \/ <a href=\"https:\/\/us.macbay.de\/mb\/galerie\/index\/page\/1\/f\/Guggenheim\">Guggenheim Museum Bilbao<\/a> \/ <a href=\"https:\/\/us.macbay.de\/mb\/galerie\/index\/page\/1\/f\/Vitra%20Design%20Museum\">Vitra Design Museum<\/a><\/p>\n<p><strong>Bauwerke von Ulrich M\u00fcther<\/strong><br \/>\nDer Schalenbaumeister der ehem. DDR ist mit seinen Sonderbauten weltweit bekannt geworden. Die Dokumentation umfasst zur Zeit sieben seiner Bauten auf R\u00fcgen, sowie den Teepott in Warnem\u00fcnde.<br \/>\nFotogalerie: <a href=\"https:\/\/photos.gluecksbazillus.de\/index.php?\/category\/54\">M\u00fcthers Bauten<\/a> \/ Google Map: <a href=\"https:\/\/maps.google.de\/maps\/ms?ie=UTF8&amp;hl=de&amp;msa=0&amp;msid=109565634885289118610.00043d6bea3a00219d7b6&amp;z=9\">M\u00fcthers Bauten<\/a><\/p>\n","protected":false},"excerpt":{"rendered":"<p>Meine Fotoserien sind in einer Fotogalerie katalogisiert und unter der Adresse: https:\/\/photos.gluecksbazillus.de zu sehen. Eine Auswahl hier in der \u00dcbersicht: Freunde der Stadt Die Agentur f\u00fcr zeitgen\u00f6ssische Stadtforschung In der Fotoserie Wahllokale wurden ungew\u00f6hnliche Orte fotografiert die tempor\u00e4r bei Wahlen in Berlin als Wahllokal genutzt werden. Fotogalerie: Wahllokale \/ Google Map: Wahllokale<\/p>\n","protected":false},"author":1,"featured_media":0,"parent":0,"menu_order":0,"comment_status":"closed","ping_status":"open","template":"","meta":{"footnotes":""},"class_list":["post-237","page","type-page","status-publish","hentry"],"jetpack_shortlink":"https:\/\/wp.me\/PoGda-3P","jetpack_sharing_enabled":true,"_links":{"self":[{"href":"https:\/\/us.gluecksbazillus.de\/index.php?rest_route=\/wp\/v2\/pages\/237","targetHints":{"allow":["GET"]}}],"collection":[{"href":"https:\/\/us.gluecksbazillus.de\/index.php?rest_route=\/wp\/v2\/pages"}],"about":[{"href":"https:\/\/us.gluecksbazillus.de\/index.php?rest_route=\/wp\/v2\/types\/page"}],"author":[{"embeddable":true,"href":"https:\/\/us.gluecksbazillus.de\/index.php?rest_route=\/wp\/v2\/users\/1"}],"replies":[{"embeddable":true,"href":"https:\/\/us.gluecksbazillus.de\/index.php?rest_route=%2Fwp%2Fv2%2Fcomments&post=237"}],"version-history":[{"count":31,"href":"https:\/\/us.gluecksbazillus.de\/index.php?rest_route=\/wp\/v2\/pages\/237\/revisions"}],"predecessor-version":[{"id":2506,"href":"https:\/\/us.gluecksbazillus.de\/index.php?rest_route=\/wp\/v2\/pages\/237\/revisions\/2506"}],"wp:attachment":[{"href":"https:\/\/us.gluecksbazillus.de\/index.php?rest_route=%2Fwp%2Fv2%2Fmedia&parent=237"}],"curies":[{"name":"wp","href":"https:\/\/api.w.org\/{rel}","templated":true}]}}