{"id":2657,"date":"2025-06-07T18:20:42","date_gmt":"2025-06-07T16:20:42","guid":{"rendered":"https:\/\/us.gluecksbazillus.de\/?page_id=2657"},"modified":"2025-06-07T18:20:42","modified_gmt":"2025-06-07T16:20:42","slug":"berlin-projekte","status":"publish","type":"page","link":"https:\/\/us.gluecksbazillus.de\/?page_id=2657","title":{"rendered":"Berlin Projekte"},"content":{"rendered":"\n<p><strong>Starter Kit Berlin&nbsp;<\/strong><br>Wie werde ich ein Berliner ? Der &#8216;Neu Berliner ist ein Kennzeichen der Hauptstadt. Der Kiez in dem er sich ansiedelt ist sein Stolz. Zeige deine Herkunft und mache Berlin zu deiner Heimat. Das Starter Kit verr\u00e4t in 3 Schritten den Weg dazu.&nbsp;<a href=\"https:\/\/www.gluecksbazillus.de\/starter\/starterkit.html\">Starter Kit Berlin<\/a><\/p>\n\n\n\n<p><strong>Wahllokale&nbsp;<\/strong><br>In Berlin gibt es die Tradition das Wahlokale nicht nur in \u00f6ffentlichen Geb\u00e4uden wie Schulen oder Verwaltungen eingerichtet werden, sondern auch die Eckkneipe oder das Autohaus l\u00e4dt zur Stimmabgabe ein. Am Wahltag zum Abgeordnetenahaus 2006 habe ich im Rahmen einer exklusiven Tour einige dieser besonderen Lokalit\u00e4ten aufgesucht und dokumentiert.<\/p>\n\n\n\n<p><strong>Das sagenhafte Dreieck<\/strong><br>Am 1. Juli 1988 ereignete sich wohl eine der merkw\u00fcrdigsten Begebenheiten an dem ehemaligen Grenzverlauf. 180 Personen kletterten \u00fcber die Berliner Mauer und fl\u00fcchteten von West- nach Ost-Berlin. Als Beitrag zum Tag des Denkmals 2006 habe ich eine F\u00fchrung vor Ort gegeben. Im Jahr 2014 habe ich eine F\u00fchrung als location based game entwickelt. Der Ort eines historischen Ereignisses wurde zum interaktiven Spielfeld.\u00a0<a href=\"https:\/\/www.gluecksbazillus.de\/lenne\/lenne.html\">Das sagenhafte Dreieck<\/a><\/p>\n\n\n\n<p><strong>Welches Spiel wird denn hier gespielt?<\/strong><br>Wem geh\u00f6rt die Stadt bzw. explizit die Oranienstra\u00dfe in Berlin? Wer spielt hier im Alltag und bestimmt die Spielregeln f\u00fcr die Bewohner und gewerblichen Mieter? <a href=\"https:\/\/www.gluecksbazillus.de\/oranienstr\/spiel.html\" data-type=\"link\" data-id=\"https:\/\/www.gluecksbazillus.de\/oranienstr\/spiel.html\" target=\"_blank\" rel=\"noreferrer noopener\">Diese F\u00fchrung als ortsbasiertes Spiel<\/a>, bietet einen Einblick in derzeitige Konflikte, schaut hinter die Fassaden und wirft auch einen Blick auf die historischen Entwicklungen.<\/p>\n\n\n\n<p><strong>RdP 12-04<\/strong><br>Das <a href=\"https:\/\/www.gluecksbazillus.de\/rdp\/rdp.html\" data-type=\"link\" data-id=\"https:\/\/www.gluecksbazillus.de\/rdp\/rdp.html\" target=\"_blank\" rel=\"noreferrer noopener\">Projekt\u00a0RdP 12-04<\/a>\u00a0erinnert an die Wahl der einzig frei gew\u00e4hlten Regierung der DDR. Mit der Zeichnung der Grundrisslinien des Plenarsaals und des gro\u00dfen Veranstaltungsraums am selbigen Standort, wird dieser geschichtstr\u00e4chtige Ort tempor\u00e4r wieder im Stadtbild sichtbar und erinnert an dieses historische Ereignis. <\/p>\n\n\n\n<p><strong>Barlachs Schwebender Gottvater<\/strong><br>An dem Ort wo einst knapp 17000 Werke der Entarteten Kunst zwischengelagert wurden hing  im Jahr 2009, f\u00fcr ein halbes Jahr, ein Banner welches auf die Geschichte des Ortes aufmerksam machte. Die Intervention im \u00f6ffentlichen Raum ist auf meiner Projektseite dokumentiert: <a href=\"https:\/\/www.gluecksbazillus.de\/barlach\/barlach.html\" data-type=\"link\" data-id=\"https:\/\/www.gluecksbazillus.de\/barlach\/barlach.html\" target=\"_blank\" rel=\"noreferrer noopener\">gluecksbazillus.de<\/a><\/p>\n\n\n\n<p><\/p>\n","protected":false},"excerpt":{"rendered":"<p>Starter Kit Berlin&nbsp;Wie werde ich ein Berliner ? Der &#8216;Neu Berliner ist ein Kennzeichen der Hauptstadt. Der Kiez in dem er sich ansiedelt ist sein Stolz. Zeige deine Herkunft und mache Berlin zu deiner Heimat. Das Starter Kit verr\u00e4t in 3 Schritten den Weg dazu.&nbsp;Starter Kit Berlin Wahllokale&nbsp;In Berlin gibt es die Tradition das Wahlokale [&hellip;]<\/p>\n","protected":false},"author":1,"featured_media":0,"parent":0,"menu_order":0,"comment_status":"closed","ping_status":"closed","template":"","meta":{"footnotes":""},"class_list":["post-2657","page","type-page","status-publish","hentry"],"jetpack_shortlink":"https:\/\/wp.me\/PoGda-GR","jetpack_sharing_enabled":true,"_links":{"self":[{"href":"https:\/\/us.gluecksbazillus.de\/index.php?rest_route=\/wp\/v2\/pages\/2657","targetHints":{"allow":["GET"]}}],"collection":[{"href":"https:\/\/us.gluecksbazillus.de\/index.php?rest_route=\/wp\/v2\/pages"}],"about":[{"href":"https:\/\/us.gluecksbazillus.de\/index.php?rest_route=\/wp\/v2\/types\/page"}],"author":[{"embeddable":true,"href":"https:\/\/us.gluecksbazillus.de\/index.php?rest_route=\/wp\/v2\/users\/1"}],"replies":[{"embeddable":true,"href":"https:\/\/us.gluecksbazillus.de\/index.php?rest_route=%2Fwp%2Fv2%2Fcomments&post=2657"}],"version-history":[{"count":1,"href":"https:\/\/us.gluecksbazillus.de\/index.php?rest_route=\/wp\/v2\/pages\/2657\/revisions"}],"predecessor-version":[{"id":2658,"href":"https:\/\/us.gluecksbazillus.de\/index.php?rest_route=\/wp\/v2\/pages\/2657\/revisions\/2658"}],"wp:attachment":[{"href":"https:\/\/us.gluecksbazillus.de\/index.php?rest_route=%2Fwp%2Fv2%2Fmedia&parent=2657"}],"curies":[{"name":"wp","href":"https:\/\/api.w.org\/{rel}","templated":true}]}}